{"id":1762,"date":"2025-06-30T11:44:46","date_gmt":"2025-06-30T11:44:46","guid":{"rendered":"https:\/\/hot4cryo.com\/?page_id=1762"},"modified":"2025-06-30T12:04:24","modified_gmt":"2025-06-30T12:04:24","slug":"accessibility-statement","status":"publish","type":"page","link":"https:\/\/hot4cryo.com\/de\/accessibility-statement\/","title":{"rendered":"Erkl\u00e4rung zur Zug\u00e4nglichkeit"},"content":{"rendered":"<div data-elementor-type=\"wp-page\" data-elementor-id=\"1762\" class=\"elementor elementor-1762\" data-elementor-post-type=\"page\">\n\t\t\t\t\t\t\t\t\t<section data-particle_enable=\"false\" data-particle-mobile-disabled=\"false\" class=\"elementor-section elementor-top-section elementor-element elementor-element-a99e6ab elementor-section-full_width elementor-section-height-min-height elementor-section-stretched ts-col-stretched-none ts-bg-color-over-image elementor-section-height-default elementor-section-items-middle\" data-id=\"a99e6ab\" data-element_type=\"section\" data-settings=\"{&quot;stretch_section&quot;:&quot;section-stretched&quot;,&quot;background_background&quot;:&quot;classic&quot;}\">\n\t\t\t\t\t\t\t<div class=\"elementor-background-overlay\"><\/div>\n\t\t\t\t\t\t\t<div class=\"elementor-container elementor-column-gap-default\">\n\t\t\t\t\t<div class=\"elementor-column elementor-col-100 elementor-top-column elementor-element elementor-element-5eaacbe ts-bg-color-over-image\" data-id=\"5eaacbe\" data-element_type=\"column\">\n\t\t\t<div class=\"elementor-widget-wrap elementor-element-populated\">\n\t\t\t\t\t\t\t\t<div class=\"elementor-element elementor-element-2403f5e elementor-widget elementor-widget-heading\" data-id=\"2403f5e\" data-element_type=\"widget\" data-widget_type=\"heading.default\">\n\t\t\t\t<div class=\"elementor-widget-container\">\n\t\t\t<style>\/*! elementor - v3.18.0 - 20-12-2023 *\/\n.elementor-heading-title{padding:0;margin:0;line-height:1}.elementor-widget-heading .elementor-heading-title[class*=elementor-size-]>a{color:inherit;font-size:inherit;line-height:inherit}.elementor-widget-heading .elementor-heading-title.elementor-size-small{font-size:15px}.elementor-widget-heading .elementor-heading-title.elementor-size-medium{font-size:19px}.elementor-widget-heading .elementor-heading-title.elementor-size-large{font-size:29px}.elementor-widget-heading .elementor-heading-title.elementor-size-xl{font-size:39px}.elementor-widget-heading .elementor-heading-title.elementor-size-xxl{font-size:59px}<\/style><h1 class=\"elementor-heading-title elementor-size-default\">Zug\u00e4nglichkeitserkl\u00e4rung f\u00fcr Hot4Cryo<\/h1>\t\t<\/div>\n\t\t\t\t<\/div>\n\t\t\t\t\t<\/div>\n\t\t<\/div>\n\t\t\t\t\t\t\t<\/div>\n\t\t<\/section>\n\t\t\t\t<section data-particle_enable=\"false\" data-particle-mobile-disabled=\"false\" class=\"elementor-section elementor-top-section elementor-element elementor-element-a1a067a elementor-section-stretched ts-col-stretched-none ts-bg-color-over-image elementor-section-boxed elementor-section-height-default elementor-section-height-default\" data-id=\"a1a067a\" data-element_type=\"section\" data-settings=\"{&quot;stretch_section&quot;:&quot;section-stretched&quot;}\">\n\t\t\t\t\t\t<div class=\"elementor-container elementor-column-gap-no\">\n\t\t\t\t\t<div class=\"elementor-column elementor-col-100 elementor-top-column elementor-element elementor-element-b7c3221 ts-bg-color-over-image\" data-id=\"b7c3221\" data-element_type=\"column\">\n\t\t\t<div class=\"elementor-widget-wrap elementor-element-populated\">\n\t\t\t\t\t\t\t\t<div class=\"elementor-element elementor-element-0a36508 elementor-widget elementor-widget-text-editor\" data-id=\"0a36508\" data-element_type=\"widget\" data-widget_type=\"text-editor.default\">\n\t\t\t\t<div class=\"elementor-widget-container\">\n\t\t\t<style>\/*! elementor - v3.18.0 - 20-12-2023 *\/\n.elementor-widget-text-editor.elementor-drop-cap-view-stacked .elementor-drop-cap{background-color:#69727d;color:#fff}.elementor-widget-text-editor.elementor-drop-cap-view-framed .elementor-drop-cap{color:#69727d;border:3px solid;background-color:transparent}.elementor-widget-text-editor:not(.elementor-drop-cap-view-default) .elementor-drop-cap{margin-top:8px}.elementor-widget-text-editor:not(.elementor-drop-cap-view-default) .elementor-drop-cap-letter{width:1em;height:1em}.elementor-widget-text-editor .elementor-drop-cap{float:left;text-align:center;line-height:1;font-size:50px}.elementor-widget-text-editor .elementor-drop-cap-letter{display:inline-block}<\/style>\t\t\t\t<p data-start=\"247\" data-end=\"440\">Hot4Cryo verpflichtet sich, seine Website in \u00dcbereinstimmung mit der <strong data-start=\"325\" data-end=\"370\">Europ\u00e4isches Gesetz \u00fcber die Zug\u00e4nglichkeit (EAA) 2019\/882<\/strong> und die <strong data-start=\"379\" data-end=\"439\">Zug\u00e4nglichkeitsrichtlinien f\u00fcr Webinhalte (WCAG) 2.1 Stufe AA<\/strong>.<\/p><p data-start=\"442\" data-end=\"620\">Wir sind davon \u00fcberzeugt, dass der digitale Zugang ein Menschenrecht ist, und haben konkrete Schritte unternommen, um sicherzustellen, dass unsere Website f\u00fcr alle Menschen, einschlie\u00dflich Menschen mit Behinderungen, zug\u00e4nglich und nutzbar ist.<\/p><h3 data-start=\"622\" data-end=\"643\">Status der Einhaltung<\/h3><p data-start=\"645\" data-end=\"722\">Diese Website ist <strong data-start=\"661\" data-end=\"680\">vollst\u00e4ndig konform<\/strong> mit dem <strong data-start=\"690\" data-end=\"711\">WCAG 2.1 Stufe AA<\/strong> Normen.<\/p><p data-start=\"724\" data-end=\"1018\">Wir haben auf unserer gesamten Website bew\u00e4hrte Verfahren f\u00fcr den barrierefreien Zugang implementiert, einschlie\u00dflich der ordnungsgem\u00e4\u00dfen Verwendung von semantischem HTML, Alt-Text f\u00fcr Bilder, logischer \u00dcberschriftenstruktur, Kontrastverh\u00e4ltnissen, Tastaturnavigation, Kompatibilit\u00e4t mit Bildschirmleseger\u00e4ten und gr\u00f6\u00dfenver\u00e4nderlichem Text. Alle interaktiven Elemente sind ohne Maus bedienbar.<\/p><h3 data-start=\"1020\" data-end=\"1053\">Erstellung dieser Erkl\u00e4rung<\/h3><p data-start=\"1055\" data-end=\"1104\">Diese Erkl\u00e4rung wurde erstellt am <strong data-start=\"1086\" data-end=\"1103\">Juni 20, 2025<\/strong>.<\/p><p data-start=\"1106\" data-end=\"1171\">Die Bewertung wurde anhand interner Tests durchgef\u00fchrt:<\/p><ul data-start=\"1173\" data-end=\"1342\"><li data-start=\"1173\" data-end=\"1222\"><p data-start=\"1175\" data-end=\"1222\">Automatisierte Zug\u00e4nglichkeitswerkzeuge ( WAVE )<\/p><\/li><li data-start=\"1223\" data-end=\"1275\"><p data-start=\"1225\" data-end=\"1275\">Manuelle \u00dcberpr\u00fcfung von Struktur und Tastaturnavigation<\/p><\/li><li data-start=\"1276\" data-end=\"1342\"><p data-start=\"1278\" data-end=\"1342\">Tests mit unterst\u00fctzenden Technologien<\/p><\/li><\/ul><h3 data-start=\"1400\" data-end=\"1436\">Feedback und Kontaktinformationen<\/h3><p data-start=\"1438\" data-end=\"1646\">Sollten Sie Schwierigkeiten haben, auf Inhalte dieser Website zuzugreifen, oder sollten Sie Inhalte in einem anderen Format ben\u00f6tigen, wenden Sie sich bitte an uns. Wir freuen uns \u00fcber Ihr Feedback und sind bestrebt, uns st\u00e4ndig zu verbessern.<\/p><p data-start=\"1648\" data-end=\"1761\">E-Mail: <a class=\"cursor-pointer\" rel=\"noopener\" data-start=\"1655\" data-end=\"1672\">info@hot4cryo.org<\/a><br data-start=\"1672\" data-end=\"1675\" \/>Telefon: +30 210 7273708<br data-start=\"1697\" data-end=\"1700\" \/>Anschrift: 48, Vasileos Constantinou Ave, 11635, Athen, Griechenland<\/p><p data-start=\"1763\" data-end=\"1824\">Wir bem\u00fchen uns, alle Anfragen innerhalb von f\u00fcnf Werktagen zu beantworten.<\/p>\t\t\t\t\t\t<\/div>\n\t\t\t\t<\/div>\n\t\t\t\t\t<\/div>\n\t\t<\/div>\n\t\t\t\t\t\t\t<\/div>\n\t\t<\/section>\n\t\t\t\t\t\t\t<\/div>","protected":false},"excerpt":{"rendered":"<p>Accessibility Statement for Hot4Cryo Hot4Cryo is committed to making its website accessible in accordance with the European Accessibility Act (EAA) 2019\/882 and the Web Content Accessibility Guidelines (WCAG) 2.1 Level AA. We believe that digital access is a human right and have taken concrete steps to ensure our website is inclusive and usable by all &hellip; <a href=\"https:\/\/hot4cryo.com\/de\/accessibility-statement\/\" class=\"more-link\" title=\"Lesen Sie weiter &lt;span class=\"screen-reader-text\">Erkl\u00e4rung zur Zug\u00e4nglichkeit<\/span>\"&gt;Lesen Sie weiter <span class=\"screen-reader-text\">Erkl\u00e4rung zur Zug\u00e4nglichkeit<\/span><\/a><\/p>","protected":false},"author":2,"featured_media":0,"parent":0,"menu_order":15,"comment_status":"closed","ping_status":"closed","template":"","meta":{"footnotes":""},"_links":{"self":[{"href":"https:\/\/hot4cryo.com\/de\/wp-json\/wp\/v2\/pages\/1762"}],"collection":[{"href":"https:\/\/hot4cryo.com\/de\/wp-json\/wp\/v2\/pages"}],"about":[{"href":"https:\/\/hot4cryo.com\/de\/wp-json\/wp\/v2\/types\/page"}],"author":[{"embeddable":true,"href":"https:\/\/hot4cryo.com\/de\/wp-json\/wp\/v2\/users\/2"}],"replies":[{"embeddable":true,"href":"https:\/\/hot4cryo.com\/de\/wp-json\/wp\/v2\/comments?post=1762"}],"version-history":[{"count":7,"href":"https:\/\/hot4cryo.com\/de\/wp-json\/wp\/v2\/pages\/1762\/revisions"}],"predecessor-version":[{"id":1770,"href":"https:\/\/hot4cryo.com\/de\/wp-json\/wp\/v2\/pages\/1762\/revisions\/1770"}],"wp:attachment":[{"href":"https:\/\/hot4cryo.com\/de\/wp-json\/wp\/v2\/media?parent=1762"}],"curies":[{"name":"wp","href":"https:\/\/api.w.org\/{rel}","templated":true}]}}