{"id":487,"date":"2024-01-02T16:12:53","date_gmt":"2024-01-02T16:12:53","guid":{"rendered":"https:\/\/hot4cryo.com\/?page_id=487"},"modified":"2025-06-26T10:10:25","modified_gmt":"2025-06-26T10:10:25","slug":"work-packages","status":"publish","type":"page","link":"https:\/\/hot4cryo.com\/de\/work-packages\/","title":{"rendered":"Arbeitspakete"},"content":{"rendered":"<div data-elementor-type=\"wp-page\" data-elementor-id=\"487\" class=\"elementor elementor-487\" data-elementor-post-type=\"page\">\n\t\t\t\t\t\t\t\t\t<section data-particle_enable=\"false\" data-particle-mobile-disabled=\"false\" class=\"elementor-section elementor-top-section elementor-element elementor-element-a99e6ab elementor-section-full_width elementor-section-height-min-height elementor-section-stretched ts-col-stretched-none ts-bg-color-over-image elementor-section-height-default elementor-section-items-middle\" data-id=\"a99e6ab\" data-element_type=\"section\" data-settings=\"{&quot;stretch_section&quot;:&quot;section-stretched&quot;,&quot;background_background&quot;:&quot;classic&quot;}\">\n\t\t\t\t\t\t\t<div class=\"elementor-background-overlay\"><\/div>\n\t\t\t\t\t\t\t<div class=\"elementor-container elementor-column-gap-default\">\n\t\t\t\t\t<div class=\"elementor-column elementor-col-100 elementor-top-column elementor-element elementor-element-5eaacbe ts-bg-color-over-image\" data-id=\"5eaacbe\" data-element_type=\"column\">\n\t\t\t<div class=\"elementor-widget-wrap elementor-element-populated\">\n\t\t\t\t\t\t\t\t<div class=\"elementor-element elementor-element-bc7d709 ts-align-center elementor-widget elementor-widget-ts_heading\" data-id=\"bc7d709\" data-element_type=\"widget\" data-widget_type=\"ts_heading.default\">\n\t\t\t\t<div class=\"elementor-widget-container\">\n\t\t\t\t<div class=\"ts-heading-subheading ts-reverse-heading-yes animation-style4\"><h2 class=\"ts-custom-heading ts-custom-heading-title\">\r\n\t\t\t\r\n\t\t\t\tArbeitspakete\r\n\t\t\t\r\n\t\t\t<\/h2>\r\n\t\t<div class=\"ts-heading-desc\">5-stufiger Bestellprozess<\/div><\/div>\t\t<\/div>\n\t\t\t\t<\/div>\n\t\t\t\t\t<\/div>\n\t\t<\/div>\n\t\t\t\t\t\t\t<\/div>\n\t\t<\/section>\n\t\t\t\t<section data-particle_enable=\"false\" data-particle-mobile-disabled=\"false\" class=\"elementor-section elementor-top-section elementor-element elementor-element-8d7a0eb elementor-section-full_width elementor-section-stretched ts-col-stretched-none ts-bg-color-over-image elementor-section-height-default elementor-section-height-default\" data-id=\"8d7a0eb\" data-element_type=\"section\" data-settings=\"{&quot;stretch_section&quot;:&quot;section-stretched&quot;}\">\n\t\t\t\t\t\t<div class=\"elementor-container elementor-column-gap-default\">\n\t\t\t\t\t<div class=\"elementor-column elementor-col-50 elementor-top-column elementor-element elementor-element-14508ab ts-bg-color-over-image\" data-id=\"14508ab\" data-element_type=\"column\" data-settings=\"{&quot;background_background&quot;:&quot;classic&quot;}\">\n\t\t\t<div class=\"elementor-widget-wrap elementor-element-populated\">\n\t\t\t\t\t\t\t\t<div class=\"elementor-element elementor-element-6562adb elementor-widget elementor-widget-spacer\" data-id=\"6562adb\" data-element_type=\"widget\" data-widget_type=\"spacer.default\">\n\t\t\t\t<div class=\"elementor-widget-container\">\n\t\t\t<style>\/*! elementor - v3.18.0 - 20-12-2023 *\/\n.elementor-column .elementor-spacer-inner{height:var(--spacer-size)}.e-con{--container-widget-width:100%}.e-con-inner>.elementor-widget-spacer,.e-con>.elementor-widget-spacer{width:var(--container-widget-width,var(--spacer-size));--align-self:var(--container-widget-align-self,initial);--flex-shrink:0}.e-con-inner>.elementor-widget-spacer>.elementor-widget-container,.e-con>.elementor-widget-spacer>.elementor-widget-container{height:100%;width:100%}.e-con-inner>.elementor-widget-spacer>.elementor-widget-container>.elementor-spacer,.e-con>.elementor-widget-spacer>.elementor-widget-container>.elementor-spacer{height:100%}.e-con-inner>.elementor-widget-spacer>.elementor-widget-container>.elementor-spacer>.elementor-spacer-inner,.e-con>.elementor-widget-spacer>.elementor-widget-container>.elementor-spacer>.elementor-spacer-inner{height:var(--container-widget-height,var(--spacer-size))}.e-con-inner>.elementor-widget-spacer.elementor-widget-empty,.e-con>.elementor-widget-spacer.elementor-widget-empty{position:relative;min-height:22px;min-width:22px}.e-con-inner>.elementor-widget-spacer.elementor-widget-empty .elementor-widget-empty-icon,.e-con>.elementor-widget-spacer.elementor-widget-empty .elementor-widget-empty-icon{position:absolute;top:0;bottom:0;left:0;right:0;margin:auto;padding:0;width:22px;height:22px}<\/style>\t\t<div class=\"elementor-spacer\">\n\t\t\t<div class=\"elementor-spacer-inner\"><\/div>\n\t\t<\/div>\n\t\t\t\t<\/div>\n\t\t\t\t<\/div>\n\t\t\t\t\t<\/div>\n\t\t<\/div>\n\t\t\t\t<div class=\"elementor-column elementor-col-50 elementor-top-column elementor-element elementor-element-c1556eb ts-bg-color-over-image\" data-id=\"c1556eb\" data-element_type=\"column\">\n\t\t\t<div class=\"elementor-widget-wrap elementor-element-populated\">\n\t\t\t\t\t\t\t\t<div class=\"elementor-element elementor-element-346a1b3 elementor-widget elementor-widget-heading\" data-id=\"346a1b3\" data-element_type=\"widget\" data-widget_type=\"heading.default\">\n\t\t\t\t<div class=\"elementor-widget-container\">\n\t\t\t<style>\/*! elementor - v3.18.0 - 20-12-2023 *\/\n.elementor-heading-title{padding:0;margin:0;line-height:1}.elementor-widget-heading .elementor-heading-title[class*=elementor-size-]>a{color:inherit;font-size:inherit;line-height:inherit}.elementor-widget-heading .elementor-heading-title.elementor-size-small{font-size:15px}.elementor-widget-heading .elementor-heading-title.elementor-size-medium{font-size:19px}.elementor-widget-heading .elementor-heading-title.elementor-size-large{font-size:29px}.elementor-widget-heading .elementor-heading-title.elementor-size-xl{font-size:39px}.elementor-widget-heading .elementor-heading-title.elementor-size-xxl{font-size:59px}<\/style><h2 class=\"elementor-heading-title elementor-size-default\">WP 1.<\/h2>\t\t<\/div>\n\t\t\t\t<\/div>\n\t\t\t\t<div class=\"elementor-element elementor-element-fe83873 elementor-widget elementor-widget-heading\" data-id=\"fe83873\" data-element_type=\"widget\" data-widget_type=\"heading.default\">\n\t\t\t\t<div class=\"elementor-widget-container\">\n\t\t\t<h2 class=\"elementor-heading-title elementor-size-default\">Allgemeine Verwaltung und Koordinierung <\/h2>\t\t<\/div>\n\t\t\t\t<\/div>\n\t\t\t\t<div class=\"elementor-element elementor-element-9a06cb4 elementor-widget elementor-widget-text-editor\" data-id=\"9a06cb4\" data-element_type=\"widget\" data-widget_type=\"text-editor.default\">\n\t\t\t\t<div class=\"elementor-widget-container\">\n\t\t\t<style>\/*! elementor - v3.18.0 - 20-12-2023 *\/\n.elementor-widget-text-editor.elementor-drop-cap-view-stacked .elementor-drop-cap{background-color:#69727d;color:#fff}.elementor-widget-text-editor.elementor-drop-cap-view-framed .elementor-drop-cap{color:#69727d;border:3px solid;background-color:transparent}.elementor-widget-text-editor:not(.elementor-drop-cap-view-default) .elementor-drop-cap{margin-top:8px}.elementor-widget-text-editor:not(.elementor-drop-cap-view-default) .elementor-drop-cap-letter{width:1em;height:1em}.elementor-widget-text-editor .elementor-drop-cap{float:left;text-align:center;line-height:1;font-size:50px}.elementor-widget-text-editor .elementor-drop-cap-letter{display:inline-block}<\/style>\t\t\t\t<p>Dieses Arbeitspaket (WP) soll die vollst\u00e4ndige Synergie, Integration und Eingliederung von PLK in die EIE NHRF sicherstellen. Es wird die Etablierung der Kryo-EM und ihren Transfer nach Griechenland beaufsichtigen, wobei der Schwerpunkt auf ihren Anwendungen in biotechnologischen und medizinischen Systemen von Interesse liegt. Vorrangiges Ziel ist es, den erfolgreichen Fortschritt des Projekts innerhalb des vorgegebenen Zeitrahmens, der Budgetvorgaben und der in der Finanzhilfevereinbarung festgelegten technischen Qualit\u00e4tsstandards zu gew\u00e4hrleisten.<\/p>\t\t\t\t\t\t<\/div>\n\t\t\t\t<\/div>\n\t\t\t\t\t<\/div>\n\t\t<\/div>\n\t\t\t\t\t\t\t<\/div>\n\t\t<\/section>\n\t\t\t\t<section data-particle_enable=\"false\" data-particle-mobile-disabled=\"false\" class=\"elementor-section elementor-top-section elementor-element elementor-element-9f78c64 elementor-section-full_width elementor-section-stretched elementor-reverse-tablet elementor-reverse-mobile ts-col-stretched-none ts-bg-color-over-image elementor-section-height-default elementor-section-height-default\" data-id=\"9f78c64\" data-element_type=\"section\" data-settings=\"{&quot;stretch_section&quot;:&quot;section-stretched&quot;}\">\n\t\t\t\t\t\t<div class=\"elementor-container elementor-column-gap-default\">\n\t\t\t\t\t<div class=\"elementor-column elementor-col-50 elementor-top-column elementor-element elementor-element-cd87a83 ts-bg-color-over-image\" data-id=\"cd87a83\" data-element_type=\"column\">\n\t\t\t<div class=\"elementor-widget-wrap elementor-element-populated\">\n\t\t\t\t\t\t\t\t<div class=\"elementor-element elementor-element-34bef9c elementor-widget elementor-widget-heading\" data-id=\"34bef9c\" data-element_type=\"widget\" data-widget_type=\"heading.default\">\n\t\t\t\t<div class=\"elementor-widget-container\">\n\t\t\t<h2 class=\"elementor-heading-title elementor-size-default\">WP 2.<\/h2>\t\t<\/div>\n\t\t\t\t<\/div>\n\t\t\t\t<div class=\"elementor-element elementor-element-209375b elementor-widget elementor-widget-heading\" data-id=\"209375b\" data-element_type=\"widget\" data-widget_type=\"heading.default\">\n\t\t\t\t<div class=\"elementor-widget-container\">\n\t\t\t<h2 class=\"elementor-heading-title elementor-size-default\">Kryo-EM-Transfer: Hochaufl\u00f6sende Kryo-EM-Konzepte und -Methoden<\/h2>\t\t<\/div>\n\t\t\t\t<\/div>\n\t\t\t\t<div class=\"elementor-element elementor-element-d8ed59d elementor-widget elementor-widget-text-editor\" data-id=\"d8ed59d\" data-element_type=\"widget\" data-widget_type=\"text-editor.default\">\n\t\t\t\t<div class=\"elementor-widget-container\">\n\t\t\t\t\t\t\t<p>Dieses Arbeitspaket (WP) konzentriert sich auf die Einrichtung des operativen Raums des cryoTeams, der bei der Bildung der cryoUNITe eine wichtige Rolle spielen wird. Das Hauptziel von WP2 ist es<br \/>Erleichterung des Transfers von Wissen und Fachkenntnissen auf dem Gebiet der Kryo-EM an die EIE NHRF. Dieses Ziel steht in engem Zusammenhang mit dem spezifischen Ziel 2 und \u00fcberschneidet sich auch mit dem spezifischen Ziel 1, insbesondere um den entscheidenden Wissenstransfer in der Kryo-EM in Gang zu bringen.<\/p>\t\t\t\t\t\t<\/div>\n\t\t\t\t<\/div>\n\t\t\t\t\t<\/div>\n\t\t<\/div>\n\t\t\t\t<div class=\"elementor-column elementor-col-50 elementor-top-column elementor-element elementor-element-ce0086a ts-bg-color-over-image\" data-id=\"ce0086a\" data-element_type=\"column\" data-settings=\"{&quot;background_background&quot;:&quot;classic&quot;}\">\n\t\t\t<div class=\"elementor-widget-wrap elementor-element-populated\">\n\t\t\t\t\t\t\t\t<div class=\"elementor-element elementor-element-1df1889 elementor-widget elementor-widget-spacer\" data-id=\"1df1889\" data-element_type=\"widget\" data-widget_type=\"spacer.default\">\n\t\t\t\t<div class=\"elementor-widget-container\">\n\t\t\t\t\t<div class=\"elementor-spacer\">\n\t\t\t<div class=\"elementor-spacer-inner\"><\/div>\n\t\t<\/div>\n\t\t\t\t<\/div>\n\t\t\t\t<\/div>\n\t\t\t\t\t<\/div>\n\t\t<\/div>\n\t\t\t\t\t\t\t<\/div>\n\t\t<\/section>\n\t\t\t\t<section data-particle_enable=\"false\" data-particle-mobile-disabled=\"false\" class=\"elementor-section elementor-top-section elementor-element elementor-element-b84cce3 elementor-section-full_width elementor-section-stretched ts-col-stretched-none ts-bg-color-over-image elementor-section-height-default elementor-section-height-default\" data-id=\"b84cce3\" data-element_type=\"section\" data-settings=\"{&quot;stretch_section&quot;:&quot;section-stretched&quot;}\">\n\t\t\t\t\t\t<div class=\"elementor-container elementor-column-gap-default\">\n\t\t\t\t\t<div class=\"elementor-column elementor-col-50 elementor-top-column elementor-element elementor-element-0c23a46 ts-bg-color-over-image\" data-id=\"0c23a46\" data-element_type=\"column\" data-settings=\"{&quot;background_background&quot;:&quot;classic&quot;}\">\n\t\t\t<div class=\"elementor-widget-wrap elementor-element-populated\">\n\t\t\t\t\t\t\t\t<div class=\"elementor-element elementor-element-163b5de elementor-widget elementor-widget-spacer\" data-id=\"163b5de\" data-element_type=\"widget\" data-widget_type=\"spacer.default\">\n\t\t\t\t<div class=\"elementor-widget-container\">\n\t\t\t\t\t<div class=\"elementor-spacer\">\n\t\t\t<div class=\"elementor-spacer-inner\"><\/div>\n\t\t<\/div>\n\t\t\t\t<\/div>\n\t\t\t\t<\/div>\n\t\t\t\t\t<\/div>\n\t\t<\/div>\n\t\t\t\t<div class=\"elementor-column elementor-col-50 elementor-top-column elementor-element elementor-element-6ea5a5a ts-bg-color-over-image\" data-id=\"6ea5a5a\" data-element_type=\"column\">\n\t\t\t<div class=\"elementor-widget-wrap elementor-element-populated\">\n\t\t\t\t\t\t\t\t<div class=\"elementor-element elementor-element-1b59379 elementor-widget elementor-widget-heading\" data-id=\"1b59379\" data-element_type=\"widget\" data-widget_type=\"heading.default\">\n\t\t\t\t<div class=\"elementor-widget-container\">\n\t\t\t<h2 class=\"elementor-heading-title elementor-size-default\">WP 3.<\/h2>\t\t<\/div>\n\t\t\t\t<\/div>\n\t\t\t\t<div class=\"elementor-element elementor-element-d0d40b4 elementor-widget elementor-widget-heading\" data-id=\"d0d40b4\" data-element_type=\"widget\" data-widget_type=\"heading.default\">\n\t\t\t\t<div class=\"elementor-widget-container\">\n\t\t\t<h2 class=\"elementor-heading-title elementor-size-default\">Experimentelle Kryo-Em-Analyse, abgestimmt auf horizon europe eu-Missionen<\/h2>\t\t<\/div>\n\t\t\t\t<\/div>\n\t\t\t\t<div class=\"elementor-element elementor-element-e8f0044 elementor-widget elementor-widget-text-editor\" data-id=\"e8f0044\" data-element_type=\"widget\" data-widget_type=\"text-editor.default\">\n\t\t\t\t<div class=\"elementor-widget-container\">\n\t\t\t\t\t\t\t<p>Das hier skizzierte Ziel steht im Einklang mit dem spezifischen Ziel #3, das darauf abzielt, den Fortbestand hochwertiger Kryo-EM-Analysef\u00e4higkeiten am EIE NHRF zu gew\u00e4hrleisten. Das erste Ziel besteht darin, dass die PLK ihre biochemischen und Kryo-EM-Analysemethoden innerhalb der EIE NHRF \u00fcbertr\u00e4gt, anwendet und verbessert. Das zweite Ziel ist die F\u00f6rderung einer st\u00e4rkeren Zusammenarbeit bei der eingehenden Analyse von Systemen, die auf EU-Missionen ausgerichtet sind, wie z. B. der \"European Green Deal\" (z. B. die Struktur von Brennstoffzellen), und die Durchf\u00fchrung von Kryo-EM-Analysen, um ihre komplizierte Architektur zu enth\u00fcllen.<\/p>\t\t\t\t\t\t<\/div>\n\t\t\t\t<\/div>\n\t\t\t\t\t<\/div>\n\t\t<\/div>\n\t\t\t\t\t\t\t<\/div>\n\t\t<\/section>\n\t\t\t\t<section data-particle_enable=\"false\" data-particle-mobile-disabled=\"false\" class=\"elementor-section elementor-top-section elementor-element elementor-element-cb1a622 elementor-section-full_width elementor-section-stretched elementor-reverse-tablet elementor-reverse-mobile ts-col-stretched-none ts-bg-color-over-image elementor-section-height-default elementor-section-height-default\" data-id=\"cb1a622\" data-element_type=\"section\" data-settings=\"{&quot;stretch_section&quot;:&quot;section-stretched&quot;}\">\n\t\t\t\t\t\t<div class=\"elementor-container elementor-column-gap-default\">\n\t\t\t\t\t<div class=\"elementor-column elementor-col-50 elementor-top-column elementor-element elementor-element-c7d8163 ts-bg-color-over-image\" data-id=\"c7d8163\" data-element_type=\"column\">\n\t\t\t<div class=\"elementor-widget-wrap elementor-element-populated\">\n\t\t\t\t\t\t\t\t<div class=\"elementor-element elementor-element-6ef91ea elementor-widget elementor-widget-heading\" data-id=\"6ef91ea\" data-element_type=\"widget\" data-widget_type=\"heading.default\">\n\t\t\t\t<div class=\"elementor-widget-container\">\n\t\t\t<h2 class=\"elementor-heading-title elementor-size-default\">WP 4.<\/h2>\t\t<\/div>\n\t\t\t\t<\/div>\n\t\t\t\t<div class=\"elementor-element elementor-element-713d37b elementor-widget elementor-widget-heading\" data-id=\"713d37b\" data-element_type=\"widget\" data-widget_type=\"heading.default\">\n\t\t\t\t<div class=\"elementor-widget-container\">\n\t\t\t<h2 class=\"elementor-heading-title elementor-size-default\">Rechnerische Infrastruktur zur Unterst\u00fctzung der Kryo-Em-Analyse und der offenen Datenverwaltung<\/h2>\t\t<\/div>\n\t\t\t\t<\/div>\n\t\t\t\t<div class=\"elementor-element elementor-element-f72725d elementor-widget elementor-widget-text-editor\" data-id=\"f72725d\" data-element_type=\"widget\" data-widget_type=\"text-editor.default\">\n\t\t\t\t<div class=\"elementor-widget-container\">\n\t\t\t\t\t\t\t<p>Ein voll funktionsf\u00e4higes Kryo-Elektronenmikroskop kann im Durchschnitt etwa 0,3 Terabyte an Daten pro Tag erzeugen. Dar\u00fcber hinaus kann die Analyse dieser Daten zu wissenschaftlichen Datens\u00e4tzen f\u00fchren, die dreimal so gro\u00df sind, wie nach vorsichtigen Sch\u00e4tzungen, die auf den fr\u00fcheren Erfahrungen von PLK mit einem kleineren, automatisierten 200-kV-Mikroskop beruhen. Daher konzentriert sich dieses Arbeitspaket (WP) in erster Linie auf die rechnerischen Aspekte und die Datenverwaltung, die zur Erreichung des spezifischen Ziels #3 erforderlich sind. Es umfasst den Wissenstransfer und die Anwendung von Berechnungsmethoden f\u00fcr die Untersuchung, Analyse, Speicherung und Verbreitung von kryo-elektronengest\u00fctzten Daten. Die spezifische Aufgabe besteht darin, eine spezielle Kryo-EM-Rechenpipeline einzurichten, die mit der Digitalen Agenda der EU f\u00fcr 2025 in Einklang steht.<\/p>\t\t\t\t\t\t<\/div>\n\t\t\t\t<\/div>\n\t\t\t\t\t<\/div>\n\t\t<\/div>\n\t\t\t\t<div class=\"elementor-column elementor-col-50 elementor-top-column elementor-element elementor-element-215c608 ts-bg-color-over-image\" data-id=\"215c608\" data-element_type=\"column\" data-settings=\"{&quot;background_background&quot;:&quot;classic&quot;}\">\n\t\t\t<div class=\"elementor-widget-wrap elementor-element-populated\">\n\t\t\t\t\t\t\t\t<div class=\"elementor-element elementor-element-ff58a22 elementor-widget elementor-widget-spacer\" data-id=\"ff58a22\" data-element_type=\"widget\" data-widget_type=\"spacer.default\">\n\t\t\t\t<div class=\"elementor-widget-container\">\n\t\t\t\t\t<div class=\"elementor-spacer\">\n\t\t\t<div class=\"elementor-spacer-inner\"><\/div>\n\t\t<\/div>\n\t\t\t\t<\/div>\n\t\t\t\t<\/div>\n\t\t\t\t\t<\/div>\n\t\t<\/div>\n\t\t\t\t\t\t\t<\/div>\n\t\t<\/section>\n\t\t\t\t<section data-particle_enable=\"false\" data-particle-mobile-disabled=\"false\" class=\"elementor-section elementor-top-section elementor-element elementor-element-aa2b0d5 elementor-section-full_width elementor-section-stretched ts-col-stretched-none ts-bg-color-over-image elementor-section-height-default elementor-section-height-default\" data-id=\"aa2b0d5\" data-element_type=\"section\" data-settings=\"{&quot;stretch_section&quot;:&quot;section-stretched&quot;}\">\n\t\t\t\t\t\t<div class=\"elementor-container elementor-column-gap-default\">\n\t\t\t\t\t<div class=\"elementor-column elementor-col-50 elementor-top-column elementor-element elementor-element-f40c763 ts-bg-color-over-image\" data-id=\"f40c763\" data-element_type=\"column\" data-settings=\"{&quot;background_background&quot;:&quot;classic&quot;}\">\n\t\t\t<div class=\"elementor-widget-wrap elementor-element-populated\">\n\t\t\t\t\t\t\t\t<div class=\"elementor-element elementor-element-d13c74b elementor-widget elementor-widget-spacer\" data-id=\"d13c74b\" data-element_type=\"widget\" data-widget_type=\"spacer.default\">\n\t\t\t\t<div class=\"elementor-widget-container\">\n\t\t\t\t\t<div class=\"elementor-spacer\">\n\t\t\t<div class=\"elementor-spacer-inner\"><\/div>\n\t\t<\/div>\n\t\t\t\t<\/div>\n\t\t\t\t<\/div>\n\t\t\t\t\t<\/div>\n\t\t<\/div>\n\t\t\t\t<div class=\"elementor-column elementor-col-50 elementor-top-column elementor-element elementor-element-40997be ts-bg-color-over-image\" data-id=\"40997be\" data-element_type=\"column\">\n\t\t\t<div class=\"elementor-widget-wrap elementor-element-populated\">\n\t\t\t\t\t\t\t\t<div class=\"elementor-element elementor-element-5eb6b96 elementor-widget elementor-widget-heading\" data-id=\"5eb6b96\" data-element_type=\"widget\" data-widget_type=\"heading.default\">\n\t\t\t\t<div class=\"elementor-widget-container\">\n\t\t\t<h2 class=\"elementor-heading-title elementor-size-default\">WP 5.<\/h2>\t\t<\/div>\n\t\t\t\t<\/div>\n\t\t\t\t<div class=\"elementor-element elementor-element-9132871 elementor-widget elementor-widget-heading\" data-id=\"9132871\" data-element_type=\"widget\" data-widget_type=\"heading.default\">\n\t\t\t\t<div class=\"elementor-widget-container\">\n\t\t\t<h2 class=\"elementor-heading-title elementor-size-default\">Kommunikations-, Verbreitungs- und Verwertungsma\u00dfnahmen<\/h2>\t\t<\/div>\n\t\t\t\t<\/div>\n\t\t\t\t<div class=\"elementor-element elementor-element-7a85dd6 elementor-widget elementor-widget-text-editor\" data-id=\"7a85dd6\" data-element_type=\"widget\" data-widget_type=\"text-editor.default\">\n\t\t\t\t<div class=\"elementor-widget-container\">\n\t\t\t\t\t\t\t<p>Dieses Arbeitspaket (WP) ist der Sicherstellung einer nahtlosen Synergie, Integration und der vollst\u00e4ndigen Integration von PLK innerhalb der EIE NHRF gewidmet, einschlie\u00dflich der \u00dcberwachung der Einrichtung und des Transfers der Kryo-EM-Technologie nach Griechenland, mit spezifischen Anwendungen in den Bereichen Biotechnologie und Medizin. Das Hauptziel besteht darin, den erfolgreichen Fortschritt des Projekts in \u00dcbereinstimmung mit dem vereinbarten Zeitplan, den Haushaltsmitteln und den genauen technischen Qualit\u00e4tsstandards, die in der Finanzhilfevereinbarung festgelegt sind, zu gew\u00e4hrleisten.<\/p>\t\t\t\t\t\t<\/div>\n\t\t\t\t<\/div>\n\t\t\t\t\t<\/div>\n\t\t<\/div>\n\t\t\t\t\t\t\t<\/div>\n\t\t<\/section>\n\t\t\t\t\t\t\t<\/div>","protected":false},"excerpt":{"rendered":"<p>Work Packages 5-Step Ordering Process WP 1. General Management &#038; Coordination This Work Package (WP) is designed to ensure complete synergy, integration, and incorporation of PLK into EIE NHRF. It will oversee the establishment of cryo-EM and its transfer to Greece, with a focus on its applications in biotechnological and medical systems of interest. The &hellip; <a href=\"https:\/\/hot4cryo.com\/de\/work-packages\/\" class=\"more-link\" title=\"Lesen Sie weiter &lt;span class=\"screen-reader-text\">Arbeitspakete<\/span>\"&gt;Lesen Sie weiter <span class=\"screen-reader-text\">Arbeitspakete<\/span><\/a><\/p>","protected":false},"author":2,"featured_media":0,"parent":0,"menu_order":15,"comment_status":"closed","ping_status":"closed","template":"","meta":{"footnotes":""},"_links":{"self":[{"href":"https:\/\/hot4cryo.com\/de\/wp-json\/wp\/v2\/pages\/487"}],"collection":[{"href":"https:\/\/hot4cryo.com\/de\/wp-json\/wp\/v2\/pages"}],"about":[{"href":"https:\/\/hot4cryo.com\/de\/wp-json\/wp\/v2\/types\/page"}],"author":[{"embeddable":true,"href":"https:\/\/hot4cryo.com\/de\/wp-json\/wp\/v2\/users\/2"}],"replies":[{"embeddable":true,"href":"https:\/\/hot4cryo.com\/de\/wp-json\/wp\/v2\/comments?post=487"}],"version-history":[{"count":28,"href":"https:\/\/hot4cryo.com\/de\/wp-json\/wp\/v2\/pages\/487\/revisions"}],"predecessor-version":[{"id":1700,"href":"https:\/\/hot4cryo.com\/de\/wp-json\/wp\/v2\/pages\/487\/revisions\/1700"}],"wp:attachment":[{"href":"https:\/\/hot4cryo.com\/de\/wp-json\/wp\/v2\/media?parent=487"}],"curies":[{"name":"wp","href":"https:\/\/api.w.org\/{rel}","templated":true}]}}