{"id":766,"date":"2024-01-03T17:19:29","date_gmt":"2024-01-03T17:19:29","guid":{"rendered":"https:\/\/hot4cryo.com\/?page_id=766"},"modified":"2025-06-26T10:23:39","modified_gmt":"2025-06-26T10:23:39","slug":"timeline","status":"publish","type":"page","link":"https:\/\/hot4cryo.com\/de\/timeline\/","title":{"rendered":"Zeitleiste"},"content":{"rendered":"<div data-elementor-type=\"wp-page\" data-elementor-id=\"766\" class=\"elementor elementor-766\" data-elementor-post-type=\"page\">\n\t\t\t\t\t\t\t\t\t<section data-particle_enable=\"false\" data-particle-mobile-disabled=\"false\" class=\"elementor-section elementor-top-section elementor-element elementor-element-a99e6ab elementor-section-full_width elementor-section-height-min-height elementor-section-stretched ts-col-stretched-none ts-bg-color-over-image elementor-section-height-default elementor-section-items-middle\" data-id=\"a99e6ab\" data-element_type=\"section\" data-settings=\"{&quot;stretch_section&quot;:&quot;section-stretched&quot;,&quot;background_background&quot;:&quot;classic&quot;}\">\n\t\t\t\t\t\t\t<div class=\"elementor-background-overlay\"><\/div>\n\t\t\t\t\t\t\t<div class=\"elementor-container elementor-column-gap-default\">\n\t\t\t\t\t<div class=\"elementor-column elementor-col-100 elementor-top-column elementor-element elementor-element-5eaacbe ts-bg-color-over-image\" data-id=\"5eaacbe\" data-element_type=\"column\">\n\t\t\t<div class=\"elementor-widget-wrap elementor-element-populated\">\n\t\t\t\t\t\t\t\t<div class=\"elementor-element elementor-element-bc7d709 ts-align-center elementor-widget elementor-widget-ts_heading\" data-id=\"bc7d709\" data-element_type=\"widget\" data-widget_type=\"ts_heading.default\">\n\t\t\t\t<div class=\"elementor-widget-container\">\n\t\t\t\t<div class=\"ts-heading-subheading ts-reverse-heading-yes animation-style4\"><h2 class=\"ts-custom-heading ts-custom-heading-title\">\r\n\t\t\t\r\n\t\t\t\tZeitleiste\r\n\t\t\t\r\n\t\t\t<\/h2>\r\n\t\t<\/div>\t\t<\/div>\n\t\t\t\t<\/div>\n\t\t\t\t\t<\/div>\n\t\t<\/div>\n\t\t\t\t\t\t\t<\/div>\n\t\t<\/section>\n\t\t\t\t<section data-particle_enable=\"false\" data-particle-mobile-disabled=\"false\" class=\"elementor-section elementor-top-section elementor-element elementor-element-3f616ac ts-col-stretched-none ts-bg-color-over-image elementor-section-boxed elementor-section-height-default elementor-section-height-default\" data-id=\"3f616ac\" data-element_type=\"section\">\n\t\t\t\t\t\t<div class=\"elementor-container elementor-column-gap-default\">\n\t\t\t\t\t<div class=\"elementor-column elementor-col-100 elementor-top-column elementor-element elementor-element-baebd61 ts-bg-color-over-image\" data-id=\"baebd61\" data-element_type=\"column\">\n\t\t\t<div class=\"elementor-widget-wrap elementor-element-populated\">\n\t\t\t\t\t\t\t\t<div class=\"elementor-element elementor-element-c94a09f elementor-widget elementor-widget-eael-content-timeline\" data-id=\"c94a09f\" data-element_type=\"widget\" data-widget_type=\"eael-content-timeline.default\">\n\t\t\t\t<div class=\"elementor-widget-container\">\n\t\t\t\t\t<div id=\"eael-content-timeline-c94a09f\" class=\"content-timeline-layout-center date-position- horizontal-timeline-wrapper\" data-slide_to_scroll=\"{&quot;desktop&quot;:1,&quot;tablet&quot;:1,&quot;mobile&quot;:1}\">\n\t\t\t<div class=\"eael-content-timeline-container\">\n\t\t\t\t<div class=\"eael-content-timeline-container\">\n\t\t\t\t\t\t\t\t\t\t\t\t\t\t\t\t\t\t\t\t\t\t\t<div class=\"eael-content-timeline-block\">\n    <div class=\"eael-content-timeline-line\">\n        <div class=\"eael-content-timeline-inner\"><\/div>\n    <\/div>\n    <div class=\"eael-content-timeline-img eael-picture\"><\/div><div class=\"eael-content-timeline-content\"><h2 class=\"eael-timeline-title\"><a href=\"\"> Datum des Beginns<\/a><\/h2><p><span style=\"font-weight: 400\">Die Kryo-Elektronenmikroskopie (Kryo-EM) ist ein bildgebendes Verfahren, mit dem Wissenschaftler die Struktur von Materialien, Zellen und biomolekularen Komplexen mit hoher Aufl\u00f6sung beobachten und entschl\u00fcsseln k\u00f6nnen. Bei der Kryo-EM wird ein Elektronenmikroskop mit einem K\u00e4ltetisch und einer gro\u00df angelegten Bildverarbeitungssoftware verwendet, die funktionelle Informationen erzeugen kann. Das von der EU finanzierte Projekt hot4cryo wird die Einrichtung einer Kryo-EM-Einheit an der NHRF in Griechenland unterst\u00fctzen - die erste ihrer Art in der Balkanregion und in ganz S\u00fcdosteuropa. Das Projekt wird die Einstellung eines herausragenden Forschers zusammen mit einem hochqualifizierten Unterst\u00fctzungsteam finanzieren. Die entstehende Kryo-EM-Infrastruktur wird als Forschungszentrum f\u00fcr die Region dienen und M\u00f6glichkeiten f\u00fcr Grundlagenforschung und angewandte Forschung von herausragender Qualit\u00e4t bieten.<\/span><\/p><span class=\"eael-date\">M\u00e4rz 2023<\/span><\/div><\/div>\t\t\t\t\t\t\t\t\t\t\t\t\t\t\t\t\t\t<div class=\"eael-content-timeline-block\">\n    <div class=\"eael-content-timeline-line\">\n        <div class=\"eael-content-timeline-inner\"><\/div>\n    <\/div>\n    <div class=\"eael-content-timeline-img eael-picture\"><\/div><div class=\"eael-content-timeline-content\"><h2 class=\"eael-timeline-title\"><a href=\"\">Rekrutierung von Teams nach leistungsbezogenen Kriterien<\/a><\/h2><p><b>hot4cryo<\/b><span style=\"font-weight: 400\"> hat ein \u00fcberzeugendes Ziel: die Einrichtung des ersten Labors f\u00fcr Kryo-Elektronenmikroskopie (Kryo-EM) in S\u00fcdosteuropa. Diese hochmoderne Infrastruktur soll den Forschern in der Region einen beispiellosen Zugang zu fortschrittlicher Technologie bieten, der es ihnen erm\u00f6glicht, die komplizierten Strukturen und Funktionen biologischer Makromolek\u00fcle und weicher materialwissenschaftlicher Proben zu untersuchen. Um die erfolgreiche Umsetzung der <\/span><b>hot4cryo<\/b><span style=\"font-weight: 400\">ist es unbedingt erforderlich, spezialisiertes Personal mit Fachkenntnissen in elektronenmikroskopischen Techniken und verwandten Bereichen sowie Verwaltungspersonal einzustellen, um die Umsetzung der <\/span><b>hot4cryo<\/b><span style=\"font-weight: 400\">.<\/span><\/p><p><span style=\"font-weight: 400\">Um die Auswahl der am besten qualifizierten Personen zu gew\u00e4hrleisten, wurde ein strenges, leistungsorientiertes Kriterien- und Auswahlverfahren eingef\u00fchrt, das sich streng an die Empfehlungen der Kommission h\u00e4lt. Der Bildungshintergrund, das Fachwissen, die Forschungserfahrung, die technischen F\u00e4higkeiten und die Eignung zur Zusammenarbeit der Bewerber f\u00fcr die <\/span><b>hot4cryo<\/b><span style=\"font-weight: 400\"> Das Projekt und die konkreten Stellen werden vom CryoRecruit-Ausschuss sorgf\u00e4ltig gepr\u00fcft.<\/span><\/p><p><span style=\"font-weight: 400\">Durch die Einhaltung eines leistungsbezogenen Auswahlverfahrens kann die <\/span><b>hot4cryo<\/b><span style=\"font-weight: 400\"> Das Projekt zielt darauf ab, ein Team von talentierten Fachleuten aufzubauen, die zum Fortschritt der Kryo-EM-Forschung in der Region beitragen werden. Die Einrichtung des ersten Kryo-EM-Labors in S\u00fcdosteuropa wird nicht nur bahnbrechende wissenschaftliche Entdeckungen erm\u00f6glichen, sondern auch eine Kultur der Exzellenz, der Zusammenarbeit und des wissenschaftlichen Fortschritts f\u00f6rdern.<\/span><\/p><span class=\"eael-date\">August 2023<\/span><\/div><\/div>\t\t\t\t<\/div>\n\t\t\t<\/div>\n\t\t<\/div>\n\t\t\t<\/div>\n\t\t\t\t<\/div>\n\t\t\t\t\t<\/div>\n\t\t<\/div>\n\t\t\t\t\t\t\t<\/div>\n\t\t<\/section>\n\t\t\t\t\t\t\t<\/div>","protected":false},"excerpt":{"rendered":"<p>Timeline Start Date Cryo-electron microscopy (cryo-EM) is an imaging technique that allows scientists to observe and decipher the structure of materials, cells and biomolecular complexes at high resolution. Cryo-EM uses an electron microscope with a cold stage and large-scale image processing software capable of generating functional information. The EU-funded hot4cryo project will support the establishment &hellip; <a href=\"https:\/\/hot4cryo.com\/de\/timeline\/\" class=\"more-link\" title=\"Lesen Sie weiter &lt;span class=\"screen-reader-text\">Zeitleiste<\/span>\"&gt;Lesen Sie weiter <span class=\"screen-reader-text\">Zeitleiste<\/span><\/a><\/p>","protected":false},"author":2,"featured_media":0,"parent":0,"menu_order":15,"comment_status":"closed","ping_status":"closed","template":"","meta":{"footnotes":""},"_links":{"self":[{"href":"https:\/\/hot4cryo.com\/de\/wp-json\/wp\/v2\/pages\/766"}],"collection":[{"href":"https:\/\/hot4cryo.com\/de\/wp-json\/wp\/v2\/pages"}],"about":[{"href":"https:\/\/hot4cryo.com\/de\/wp-json\/wp\/v2\/types\/page"}],"author":[{"embeddable":true,"href":"https:\/\/hot4cryo.com\/de\/wp-json\/wp\/v2\/users\/2"}],"replies":[{"embeddable":true,"href":"https:\/\/hot4cryo.com\/de\/wp-json\/wp\/v2\/comments?post=766"}],"version-history":[{"count":34,"href":"https:\/\/hot4cryo.com\/de\/wp-json\/wp\/v2\/pages\/766\/revisions"}],"predecessor-version":[{"id":1721,"href":"https:\/\/hot4cryo.com\/de\/wp-json\/wp\/v2\/pages\/766\/revisions\/1721"}],"wp:attachment":[{"href":"https:\/\/hot4cryo.com\/de\/wp-json\/wp\/v2\/media?parent=766"}],"curies":[{"name":"wp","href":"https:\/\/api.w.org\/{rel}","templated":true}]}}