{"id":783,"date":"2024-01-03T20:31:46","date_gmt":"2024-01-03T20:31:46","guid":{"rendered":"https:\/\/hot4cryo.com\/?page_id=783"},"modified":"2025-06-26T10:12:22","modified_gmt":"2025-06-26T10:12:22","slug":"map","status":"publish","type":"page","link":"https:\/\/hot4cryo.com\/de\/map\/","title":{"rendered":"Karte"},"content":{"rendered":"<div data-elementor-type=\"wp-page\" data-elementor-id=\"783\" class=\"elementor elementor-783\" data-elementor-post-type=\"page\">\n\t\t\t\t\t\t\t\t\t<section data-particle_enable=\"false\" data-particle-mobile-disabled=\"false\" class=\"elementor-section elementor-top-section elementor-element elementor-element-a99e6ab elementor-section-full_width elementor-section-height-min-height elementor-section-stretched ts-col-stretched-none ts-bg-color-over-image elementor-section-height-default elementor-section-items-middle\" data-id=\"a99e6ab\" data-element_type=\"section\" data-settings=\"{&quot;stretch_section&quot;:&quot;section-stretched&quot;,&quot;background_background&quot;:&quot;classic&quot;}\">\n\t\t\t\t\t\t\t<div class=\"elementor-background-overlay\"><\/div>\n\t\t\t\t\t\t\t<div class=\"elementor-container elementor-column-gap-default\">\n\t\t\t\t\t<div class=\"elementor-column elementor-col-100 elementor-top-column elementor-element elementor-element-5eaacbe ts-bg-color-over-image\" data-id=\"5eaacbe\" data-element_type=\"column\">\n\t\t\t<div class=\"elementor-widget-wrap elementor-element-populated\">\n\t\t\t\t\t\t\t\t<div class=\"elementor-element elementor-element-bc7d709 ts-align-center elementor-widget elementor-widget-ts_heading\" data-id=\"bc7d709\" data-element_type=\"widget\" data-widget_type=\"ts_heading.default\">\n\t\t\t\t<div class=\"elementor-widget-container\">\n\t\t\t\t<div class=\"ts-heading-subheading ts-reverse-heading-yes animation-style4\"><h2 class=\"ts-custom-heading ts-custom-heading-title\">\r\n\t\t\t\r\n\t\t\t\tKarte\r\n\t\t\t\r\n\t\t\t<\/h2>\r\n\t\t<\/div>\t\t<\/div>\n\t\t\t\t<\/div>\n\t\t\t\t\t<\/div>\n\t\t<\/div>\n\t\t\t\t\t\t\t<\/div>\n\t\t<\/section>\n\t\t\t\t<section data-particle_enable=\"false\" data-particle-mobile-disabled=\"false\" class=\"elementor-section elementor-top-section elementor-element elementor-element-0c4a82d elementor-section-stretched ts-bg-color-yes ts-bgcolor-white ts-col-stretched-none ts-bg-color-over-image elementor-section-boxed elementor-section-height-default elementor-section-height-default\" data-id=\"0c4a82d\" data-element_type=\"section\" data-settings=\"{&quot;stretch_section&quot;:&quot;section-stretched&quot;}\">\n\t\t\t\t\t\t<div class=\"elementor-container elementor-column-gap-no\">\n\t\t\t\t\t<div class=\"elementor-column elementor-col-50 elementor-top-column elementor-element elementor-element-5fbcc94 ts-bg-color-over-image\" data-id=\"5fbcc94\" data-element_type=\"column\">\n\t\t\t<div class=\"elementor-widget-wrap elementor-element-populated\">\n\t\t\t\t\t\t\t\t<div class=\"elementor-element elementor-element-27fbc0e ts-align-left elementor-widget elementor-widget-ts_heading\" data-id=\"27fbc0e\" data-element_type=\"widget\" data-widget_type=\"ts_heading.default\">\n\t\t\t\t<div class=\"elementor-widget-container\">\n\t\t\t\t<div class=\"ts-heading-subheading ts-reverse-heading-yes animation-style4\"><h2 class=\"ts-custom-heading ts-custom-heading-title\">\r\n\t\t\t\r\n\t\t\t\tCRYO-EM: AUSWEITUNG DER L\u00c4NDER\r\n\t\t\t\r\n\t\t\t<\/h2>\r\n\t\t<\/div>\t\t<\/div>\n\t\t\t\t<\/div>\n\t\t\t\t<div class=\"elementor-element elementor-element-f066291 elementor-widget elementor-widget-text-editor\" data-id=\"f066291\" data-element_type=\"widget\" data-widget_type=\"text-editor.default\">\n\t\t\t\t<div class=\"elementor-widget-container\">\n\t\t\t<style>\/*! elementor - v3.18.0 - 20-12-2023 *\/\n.elementor-widget-text-editor.elementor-drop-cap-view-stacked .elementor-drop-cap{background-color:#69727d;color:#fff}.elementor-widget-text-editor.elementor-drop-cap-view-framed .elementor-drop-cap{color:#69727d;border:3px solid;background-color:transparent}.elementor-widget-text-editor:not(.elementor-drop-cap-view-default) .elementor-drop-cap{margin-top:8px}.elementor-widget-text-editor:not(.elementor-drop-cap-view-default) .elementor-drop-cap-letter{width:1em;height:1em}.elementor-widget-text-editor .elementor-drop-cap{float:left;text-align:center;line-height:1;font-size:50px}.elementor-widget-text-editor .elementor-drop-cap-letter{display:inline-block}<\/style>\t\t\t\t<p>Die Kryo-EM ist f\u00fcr die Priorit\u00e4ten der EU von zentraler Bedeutung - solche Infrastrukturen werden in vielen L\u00e4ndern eingerichtet. 108 automatisierte Kryo-EM-Instrumente sind in der EU installiert, aber nur 8 gibt es in L\u00e4ndern, die sich erweitern.<\/p>\t\t\t\t\t\t<\/div>\n\t\t\t\t<\/div>\n\t\t\t\t<div class=\"elementor-element elementor-element-2a16f3c elementor-widget elementor-widget-text-editor\" data-id=\"2a16f3c\" data-element_type=\"widget\" data-widget_type=\"text-editor.default\">\n\t\t\t\t<div class=\"elementor-widget-container\">\n\t\t\t\t\t\t\t<ol><li><strong>LITAUEN<\/strong><\/li><li><strong>POLEN<\/strong><\/li><li><strong>SLOWENIEN<\/strong><\/li><li><strong>TSCHECHISCHE REPUBLIK<\/strong><\/li><li><strong>PORTUGAL<\/strong><\/li><\/ol>\t\t\t\t\t\t<\/div>\n\t\t\t\t<\/div>\n\t\t\t\t\t<\/div>\n\t\t<\/div>\n\t\t\t\t<div class=\"elementor-column elementor-col-50 elementor-top-column elementor-element elementor-element-173dfb8 ts-bg-color-over-image\" data-id=\"173dfb8\" data-element_type=\"column\">\n\t\t\t<div class=\"elementor-widget-wrap elementor-element-populated\">\n\t\t\t\t\t\t\t\t<div class=\"elementor-element elementor-element-e30994a elementor-widget elementor-widget-image\" data-id=\"e30994a\" data-element_type=\"widget\" data-widget_type=\"image.default\">\n\t\t\t\t<div class=\"elementor-widget-container\">\n\t\t\t<style>\/*! elementor - v3.18.0 - 20-12-2023 *\/\n.elementor-widget-image{text-align:center}.elementor-widget-image a{display:inline-block}.elementor-widget-image a img[src$=\".svg\"]{width:48px}.elementor-widget-image img{vertical-align:middle;display:inline-block}<\/style>\t\t\t\t\t\t\t\t\t\t\t\t<img fetchpriority=\"high\" decoding=\"async\" width=\"847\" height=\"847\" src=\"https:\/\/hot4cryo.com\/wp-content\/uploads\/2024\/01\/1-2-1024x1024.jpg\" class=\"attachment-large size-large wp-image-785\" alt=\"1 2\" srcset=\"https:\/\/hot4cryo.com\/wp-content\/uploads\/2024\/01\/1-2-1024x1024.jpg 1024w, https:\/\/hot4cryo.com\/wp-content\/uploads\/2024\/01\/1-2-300x300.jpg 300w, https:\/\/hot4cryo.com\/wp-content\/uploads\/2024\/01\/1-2-150x150.jpg 150w, https:\/\/hot4cryo.com\/wp-content\/uploads\/2024\/01\/1-2-768x768.jpg 768w, https:\/\/hot4cryo.com\/wp-content\/uploads\/2024\/01\/1-2-800x800.jpg 800w, https:\/\/hot4cryo.com\/wp-content\/uploads\/2024\/01\/1-2-770x770.jpg 770w, https:\/\/hot4cryo.com\/wp-content\/uploads\/2024\/01\/1-2.jpg 1080w\" sizes=\"(max-width: 847px) 100vw, 847px\" data-id=\"785\" \/>\t\t\t\t\t\t\t\t\t\t\t\t\t\t\t<\/div>\n\t\t\t\t<\/div>\n\t\t\t\t\t<\/div>\n\t\t<\/div>\n\t\t\t\t\t\t\t<\/div>\n\t\t<\/section>\n\t\t\t\t<section data-particle_enable=\"false\" data-particle-mobile-disabled=\"false\" class=\"elementor-section elementor-top-section elementor-element elementor-element-0decd34 elementor-section-stretched ts-bg-color-yes ts-bgcolor-white elementor-reverse-tablet elementor-reverse-mobile ts-col-stretched-none ts-bg-color-over-image elementor-section-boxed elementor-section-height-default elementor-section-height-default\" data-id=\"0decd34\" data-element_type=\"section\" data-settings=\"{&quot;stretch_section&quot;:&quot;section-stretched&quot;}\">\n\t\t\t\t\t\t<div class=\"elementor-container elementor-column-gap-no\">\n\t\t\t\t\t<div class=\"elementor-column elementor-col-50 elementor-top-column elementor-element elementor-element-231eaf2 ts-bg-color-over-image\" data-id=\"231eaf2\" data-element_type=\"column\">\n\t\t\t<div class=\"elementor-widget-wrap elementor-element-populated\">\n\t\t\t\t\t\t\t\t<div class=\"elementor-element elementor-element-31c8c69 elementor-widget elementor-widget-image\" data-id=\"31c8c69\" data-element_type=\"widget\" data-widget_type=\"image.default\">\n\t\t\t\t<div class=\"elementor-widget-container\">\n\t\t\t\t\t\t\t\t\t\t\t\t\t\t\t<img decoding=\"async\" width=\"847\" height=\"847\" src=\"https:\/\/hot4cryo.com\/wp-content\/uploads\/2024\/01\/1-3-1024x1024.jpg\" class=\"attachment-large size-large wp-image-786\" alt=\"1 3\" srcset=\"https:\/\/hot4cryo.com\/wp-content\/uploads\/2024\/01\/1-3-1024x1024.jpg 1024w, https:\/\/hot4cryo.com\/wp-content\/uploads\/2024\/01\/1-3-300x300.jpg 300w, https:\/\/hot4cryo.com\/wp-content\/uploads\/2024\/01\/1-3-150x150.jpg 150w, https:\/\/hot4cryo.com\/wp-content\/uploads\/2024\/01\/1-3-768x768.jpg 768w, https:\/\/hot4cryo.com\/wp-content\/uploads\/2024\/01\/1-3-800x800.jpg 800w, https:\/\/hot4cryo.com\/wp-content\/uploads\/2024\/01\/1-3-770x770.jpg 770w, https:\/\/hot4cryo.com\/wp-content\/uploads\/2024\/01\/1-3.jpg 1080w\" sizes=\"(max-width: 847px) 100vw, 847px\" data-id=\"786\" \/>\t\t\t\t\t\t\t\t\t\t\t\t\t\t\t<\/div>\n\t\t\t\t<\/div>\n\t\t\t\t\t<\/div>\n\t\t<\/div>\n\t\t\t\t<div class=\"elementor-column elementor-col-50 elementor-top-column elementor-element elementor-element-1f03472 ts-bg-color-over-image\" data-id=\"1f03472\" data-element_type=\"column\">\n\t\t\t<div class=\"elementor-widget-wrap elementor-element-populated\">\n\t\t\t\t\t\t\t\t<div class=\"elementor-element elementor-element-30ce544 ts-align-left elementor-widget elementor-widget-ts_heading\" data-id=\"30ce544\" data-element_type=\"widget\" data-widget_type=\"ts_heading.default\">\n\t\t\t\t<div class=\"elementor-widget-container\">\n\t\t\t\t<div class=\"ts-heading-subheading ts-reverse-heading-yes animation-style4\"><h2 class=\"ts-custom-heading ts-custom-heading-title\">\r\n\t\t\t\r\n\t\t\t\tGRIECHENLAND \r\n\t\t\t\r\n\t\t\t<\/h2>\r\n\t\t<\/div>\t\t<\/div>\n\t\t\t\t<\/div>\n\t\t\t\t<div class=\"elementor-element elementor-element-e8662d8 elementor-widget elementor-widget-text-editor\" data-id=\"e8662d8\" data-element_type=\"widget\" data-widget_type=\"text-editor.default\">\n\t\t\t\t<div class=\"elementor-widget-container\">\n\t\t\t\t\t\t\tDie anderen Erweiterungsl\u00e4nder, darunter auch Griechenland, verf\u00fcgen derzeit nicht \u00fcber diese wichtige Technologie. hot4cryo soll das Forschungsprofil der Nationalen Griechischen Forschungsstiftung auf ein Niveau heben, das mit dem f\u00fchrender EU-Forschungseinrichtungen vergleichbar ist.\t\t\t\t\t\t<\/div>\n\t\t\t\t<\/div>\n\t\t\t\t<div class=\"elementor-element elementor-element-f79697f elementor-widget elementor-widget-text-editor\" data-id=\"f79697f\" data-element_type=\"widget\" data-widget_type=\"text-editor.default\">\n\t\t\t\t<div class=\"elementor-widget-container\">\n\t\t\t\t\t\t\t<ul><li>Die NHRF hat die Finanzierung der ersten Kryo-EM-Infrastruktur in der Region gesichert und ben\u00f6tigt dringend einen ERA-Lehrstuhl.<\/li><li>Dr. Panagiotis Kastritis, ein hervorragender Kryo-EM-Forscher, der f\u00fcr seine tiefgreifenden Erkenntnisse \u00fcber Proteine, Interaktionen, subzellul\u00e4re Strukturen und die Beobachtung organischer Materialien bekannt ist, wird die gesch\u00e4tzte Rolle des ERA-Lehrstuhlinhabers \u00fcbernehmen.<\/li><\/ul>\t\t\t\t\t\t<\/div>\n\t\t\t\t<\/div>\n\t\t\t\t\t<\/div>\n\t\t<\/div>\n\t\t\t\t\t\t\t<\/div>\n\t\t<\/section>\n\t\t\t\t\t\t\t<\/div>","protected":false},"excerpt":{"rendered":"<p>Karte Kryo-EM: ERWEITERUNGSL\u00c4NDER Die Kryo-EM ist f\u00fcr die Priorit\u00e4ten der EU von zentraler Bedeutung - solche Infrastrukturen sind in vielen L\u00e4ndern vorhanden. 108 automatisierte Kryo-EM-Instrumente sind in der EU installiert, aber nur 8 gibt es in L\u00e4ndern, die sich erweitern. LITAUEN POLEN SLOWENIEN TSCHECHISCHE REPUBLIK PORTUGAL GRIECHENLAND Die anderen Erweiterungsl\u00e4nder, einschlie\u00dflich Griechenland, verf\u00fcgen derzeit nicht \u00fcber diese wichtige Technologie. hot4cryo ... <a href=\"https:\/\/hot4cryo.com\/de\/map\/\" class=\"more-link\" title=\"Lesen Sie weiter &lt;span class=\"screen-reader-text\">Karte<\/span>\"&gt;Lesen Sie weiter <span class=\"screen-reader-text\">Karte<\/span><\/a><\/p>","protected":false},"author":2,"featured_media":0,"parent":0,"menu_order":15,"comment_status":"closed","ping_status":"closed","template":"","meta":{"footnotes":""},"_links":{"self":[{"href":"https:\/\/hot4cryo.com\/de\/wp-json\/wp\/v2\/pages\/783"}],"collection":[{"href":"https:\/\/hot4cryo.com\/de\/wp-json\/wp\/v2\/pages"}],"about":[{"href":"https:\/\/hot4cryo.com\/de\/wp-json\/wp\/v2\/types\/page"}],"author":[{"embeddable":true,"href":"https:\/\/hot4cryo.com\/de\/wp-json\/wp\/v2\/users\/2"}],"replies":[{"embeddable":true,"href":"https:\/\/hot4cryo.com\/de\/wp-json\/wp\/v2\/comments?post=783"}],"version-history":[{"count":16,"href":"https:\/\/hot4cryo.com\/de\/wp-json\/wp\/v2\/pages\/783\/revisions"}],"predecessor-version":[{"id":1706,"href":"https:\/\/hot4cryo.com\/de\/wp-json\/wp\/v2\/pages\/783\/revisions\/1706"}],"wp:attachment":[{"href":"https:\/\/hot4cryo.com\/de\/wp-json\/wp\/v2\/media?parent=783"}],"curies":[{"name":"wp","href":"https:\/\/api.w.org\/{rel}","templated":true}]}}